{"id":5980,"date":"2021-06-17T14:36:18","date_gmt":"2021-06-17T13:36:18","guid":{"rendered":"https:\/\/combray-skincare.com\/?page_id=5980"},"modified":"2023-06-06T20:10:52","modified_gmt":"2023-06-06T19:10:52","slug":"welke-olie-past-het-beste-bij-uw-huid","status":"publish","type":"page","link":"https:\/\/combray-skincare.com\/nl\/welke-olie-past-het-beste-bij-uw-huid\/","title":{"rendered":"Welke olie past het beste bij uw huid?"},"content":{"rendered":"<section class=\"wpb-content-wrapper\"><p>[vc_row][vc_column css=&#8221;.vc_custom_1624882854438{padding-top: 30px !important;padding-bottom: 30px !important;}&#8221;]<div class=\"dt-fancy-separator h3-size\" style=\"width: 100%;\"><div class=\"dt-fancy-title\" style=\"color: #ca9d6f;\"><span class=\"separator-holder separator-left\"><\/span>WELKE OLIE PAST HET BESTE BIJ JOUW HUID?<span class=\"separator-holder separator-right\"><\/span><\/div><\/div>[vc_empty_space][\/vc_column][\/vc_row][vc_row][vc_column width=&#8221;1\/3&#8243;][vc_single_image image=&#8221;2000&#8243; img_size=&#8221;medium&#8221; onclick=&#8221;custom_link&#8221; link=&#8221;https:\/\/combray-skincare.com\/nl\/combray-webwinkel\/combray-regenerating-facial-oil\/&#8221;][vc_column_text]<\/p>\n<div class=\"wpb_text_column wpb_content_element gold marginbottom-30 center\">\n<div class=\"wpb_wrapper\">\n<h4 style=\"text-align: left;\">Regenerating Facial Oil<\/h4>\n<\/div>\n<\/div>\n<div class=\"wpb_text_column wpb_content_element \">\n<div class=\"wpb_wrapper\" style=\"text-align: justify;\">\n<p style=\"text-align: justify;\"><em>Druivenpitolie en Oxofulleram<\/em><\/p>\n<p><span style=\"text-align: justify;\">Een onzuivere huid met bijvoorbeeld rosacea, eczeem, psoriasis en\/of acne heeft de nodige verzorging en aandacht nodig. Daarom adviseren wij onze Regenerating gezichtsolie, die enkel bestaat uit druivenpitolie en Oxofulleram. Deze olie is geschikt voor alle leeftijden, zowel voor de jonge (puber)huid als de rijpere huid met onzuiverheden.<\/span><\/p>\n<\/div>\n<p class=\"p1\" style=\"text-align: justify;\">Onze Regenerating gezichtsolie werkt ontstekingsremmend en helpt de huid egaler en minder rood te maken. Littekens en andere onzuiverheden worden op een natuurlijke manier verminderd en de huid wordt in balans gebracht. Na verloop van tijd voelt je huid prettiger aan en zal de onzuivere huid aanzienlijk verbeteren.<\/p>\n<p class=\"p1\" style=\"text-align: justify;\">Kies voor de Regenerating gezichtsolie als je op zoek bent naar een effectieve en natuurlijke oplossing voor je onzuivere huid.<\/p>\n<\/div>\n<p>[\/vc_column_text][\/vc_column][vc_column width=&#8221;1\/3&#8243;][vc_single_image image=&#8221;1998&#8243; img_size=&#8221;medium&#8221; onclick=&#8221;custom_link&#8221; link=&#8221;https:\/\/combray-skincare.com\/nl\/combray-webwinkel\/combray-rejuvenating-facial-oil-30-ml\/&#8221;][vc_column_text]<\/p>\n<div class=\"wpb_text_column wpb_content_element gold marginbottom-30 center\">\n<div class=\"wpb_wrapper\">\n<h4 style=\"text-align: left;\">Rejuvenating Facial Oil<\/h4>\n<\/div>\n<\/div>\n<div class=\"wpb_text_column wpb_content_element center marginbottom-30\">\n<div class=\"wpb_wrapper\" style=\"text-align: justify;\">\n<p style=\"text-align: justify;\"><em>Avocado-olie en Oxofulleram<\/em><\/p>\n<p><span style=\"text-align: justify;\">Wij adviseren onze Rejuvenating gezichtsolie, die enkel uit avocado-olie en Oxofulleram bestaat, voor de droge- of vocht arme huid, een gecombineerde huid met bijvoorbeeld een vette T-zone, roodheid en andere huidongemakken.<\/span><\/p>\n<\/div>\n<p class=\"p1\" style=\"text-align: justify;\">Onze Rejuvenating gezichtsolie zorgt voor een egale teint, vermindert roodheid en vermindert droge plekjes. Na een paar weken kan je huid wat droger aanvoelen als gevolg van het detox-effect. In deze periode raden we aan om je huid extra te hydrateren met de olie gedurende de dag, gebruik hiernaast een goede SPF. Het droge gevoel verdwijnt na verloop van tijd en je huid zal weer in balans komen.<\/p>\n<p class=\"p1\" style=\"text-align: justify;\">Kies voor onze Rejuvenating gezichtsolie als je op zoek bent naar een effectieve en natuurlijke oplossing voor je gecombineerde huid. Bij een droge- of vocht arme huid met schilfers of bij roodheden. Deze olie is ook uitermate geschikt bij droogte lijntjes en beginnende rimpels.<\/p>\n<\/div>\n<p>[\/vc_column_text][\/vc_column][vc_column width=&#8221;1\/3&#8243;][vc_single_image image=&#8221;2002&#8243; img_size=&#8221;medium&#8221; onclick=&#8221;custom_link&#8221; link=&#8221;https:\/\/combray-skincare.com\/nl\/combray-webwinkel\/combray-nourishing-facial-oil\/&#8221;][vc_column_text]<\/p>\n<div class=\"wpb_text_column wpb_content_element gold marginbottom-30 center\">\n<div class=\"wpb_wrapper\">\n<h4 style=\"text-align: justify;\">Nourishing Facial Oil<\/h4>\n<\/div>\n<\/div>\n<div class=\"wpb_text_column wpb_content_element center marginbottom-30\">\n<div class=\"wpb_wrapper\" style=\"text-align: justify;\">\n<p style=\"text-align: justify;\"><em>Arganolie en Oxofulleram<\/em><\/p>\n<p><span style=\"text-align: justify;\">Bij Combray weten we dat een rijpere huid wat extra verzorging nodig heeft. Daarom adviseren wij onze Nourishing gezichtsolie, deze olie is een combinatie van enkel arganolie en Oxofulleram. Deze olie is speciaal ontwikkeld om de huid te hydrateren en te kalmeren, terwijl het tegelijkertijd kleine huidongemakken aanpakt.<\/span><\/p>\n<\/div>\n<p class=\"p1\" style=\"text-align: justify;\">Onze Nourishing gezichtsolie zal je helpen om fijne lijntjes, wallen en donkere kringen bij je ogen te verminderen en pigmentvlekjes te vervagen. Je zult merken dat je huid egaler wordt en er stralender uitziet. De rijke olie zal je huid een ware weldaad geven!<\/p>\n<p class=\"p1\" style=\"text-align: justify;\">Kies voor onze Nourishing gezichtsolie als je op zoek bent naar een effectieve en natuurlijke oplossing voor je rijpere huid.<\/p>\n<\/div>\n<p>[\/vc_column_text][\/vc_column][\/vc_row][vc_row][vc_column width=&#8221;1\/3&#8243;][vc_btn title=&#8221;Ja! Ik wil een egalere huid&#8221; style=&#8221;outline-custom&#8221; outline_custom_color=&#8221;#ca9d6f&#8221; outline_custom_hover_background=&#8221;rgba(202,157,111,0.28)&#8221; outline_custom_hover_text=&#8221;#ca9d6f&#8221; shape=&#8221;round&#8221; align=&#8221;center&#8221; link=&#8221;url:https%3A%2F%2Fcombray-skincare.com%2Fnl%2Fcombray-webwinkel%2Fcombray-regenerating-facial-oil%2F&#8221;][\/vc_column][vc_column width=&#8221;1\/3&#8243;][vc_btn title=&#8221;Ja! Ik wil een beter gehydrateerde huid&#8221; style=&#8221;outline-custom&#8221; outline_custom_color=&#8221;#ca9d6f&#8221; outline_custom_hover_background=&#8221;rgba(202,157,111,0.28)&#8221; outline_custom_hover_text=&#8221;#ca9d6f&#8221; shape=&#8221;round&#8221; align=&#8221;center&#8221; link=&#8221;url:https%3A%2F%2Fcombray-skincare.com%2Fnl%2Fcombray-webwinkel%2Fcombray-rejuvenating-facial-oil-30-ml%2F&#8221;][\/vc_column][vc_column width=&#8221;1\/3&#8243;][vc_btn title=&#8221;Ja! Ik wil een minder rijpe huid&#8221; style=&#8221;outline-custom&#8221; outline_custom_color=&#8221;#ca9d6f&#8221; outline_custom_hover_background=&#8221;rgba(202,157,111,0.28)&#8221; outline_custom_hover_text=&#8221;#ca9d6f&#8221; shape=&#8221;round&#8221; align=&#8221;center&#8221; link=&#8221;url:https%3A%2F%2Fcombray-skincare.com%2Fnl%2Fcombray-webwinkel%2Fcombray-nourishing-facial-oil%2F&#8221;][\/vc_column][\/vc_row][vc_row][vc_column width=&#8221;1\/2&#8243;][vc_empty_space][vc_empty_space][vc_column_text]<\/p>\n<h3><strong>COMBRAY PERSOONLIJK ADVIES<\/strong><\/h3>\n<p>[\/vc_column_text][vc_column_text]<\/p>\n<p class=\"p1\" style=\"text-align: justify;\">Bij Combray begrijpen we dat elk huidtype uniek is en individuele verzorging nodig heeft. Daarom adviseren wij op basis van ons onderzoek en feedback van klanten \u00e9\u00e9n van onze drie gezichtsoli\u00ebn, voor een natuurlijke gezichtsverzorging, die het beste past bij jouw specifieke huidtype. Het kan echter enige tijd duren voordat jouw huid weer in balans is en dit verschilt per persoon. Sommige mensen merken al na een week verschil, terwijl anderen twee of drie weken nodig hebben. Als je wilt ontdekken welke olie het beste aanvoelt op jouw huid, kun je ons sample pakket bestellen, dat bestaat uit drie kleine flesjes van elke olie. Of je kunt een klein flesje van \u00e9\u00e9n van de oli\u00ebn bestellen om uit te proberen. Bovendien zijn de kleine flesjes gemakkelijk te vullen zonder te morsen met de pipet, waardoor je ze handig kunt meenemen in je handtas op vakantie of naar het werk.<\/p>\n<p class=\"p1\" style=\"text-align: justify;\">Als je persoonlijk advies wilt over welke gezichtsolie het beste past bij jouw huidtype, kun je altijd contact met ons opnemen. Ons team staat voor je klaar om je te helpen bij het maken van de beste keuze voor jouw huid.<\/p>\n<p>[\/vc_column_text][vc_empty_space][vc_btn title=&#8221;Neem contact op met een Combray specialist&#8221; style=&#8221;outline-custom&#8221; outline_custom_color=&#8221;#ca9d6f&#8221; outline_custom_hover_background=&#8221;#ffffff&#8221; outline_custom_hover_text=&#8221;#ca9d6f&#8221; shape=&#8221;round&#8221; align=&#8221;center&#8221; link=&#8221;url:mailto%3Ainfo%40combra-skincare.com&#8221;][\/vc_column][vc_column width=&#8221;1\/2&#8243;][vc_empty_space][vc_empty_space][vc_single_image image=&#8221;157&#8243; img_size=&#8221;full&#8221;][\/vc_column][\/vc_row][vc_row][vc_column width=&#8221;1\/3&#8243;][\/vc_column][vc_column width=&#8221;1\/3&#8243;][\/vc_column][vc_column width=&#8221;1\/3&#8243;][\/vc_column][\/vc_row][vc_row][vc_column][vc_empty_space][vc_separator color=&#8221;custom&#8221; accent_color=&#8221;#ca9d6f&#8221;][vc_separator color=&#8221;custom&#8221; accent_color=&#8221;#ca9d6f&#8221;][vc_empty_space][vc_column_text]In de onderstaande figuur kun je zien welke gezichtsoli\u00ebn geschikt zijn voor welke huidtypes.[\/vc_column_text][vc_empty_space][\/vc_column][\/vc_row][vc_row][vc_column width=&#8221;1\/4&#8243;][vc_column_text]<\/p>\n<h5 style=\"text-align: center;\"><span style=\"color: #ca9d6f;\">Type huid<\/span><\/h5>\n<p>[\/vc_column_text][\/vc_column][vc_column width=&#8221;1\/4&#8243;][vc_column_text]<\/p>\n<h5 style=\"text-align: center;\"><span style=\"color: #ca9d6f;\">Regenerating Facial Oil<\/span><\/h5>\n<p>[\/vc_column_text][\/vc_column][vc_column width=&#8221;1\/4&#8243;][vc_column_text]<\/p>\n<h5 style=\"text-align: center;\"><span style=\"color: #ca9d6f;\">Rejuvenating Facial Oil<\/span><\/h5>\n<p>[\/vc_column_text][\/vc_column][vc_column width=&#8221;1\/4&#8243;][vc_column_text]<\/p>\n<h5 style=\"text-align: center;\"><span style=\"color: #ca9d6f;\">Nourishing Facial Oil<\/span><\/h5>\n<p>[\/vc_column_text][\/vc_column][\/vc_row][vc_row][vc_column][vc_single_image image=&#8221;7055&#8243; img_size=&#8221;full&#8221;][\/vc_column][\/vc_row]<\/p>\n<\/section>","protected":false},"excerpt":{"rendered":"<p>[vc_row][vc_column css=&#8221;.vc_custom_1624882854438{padding-top: 30px !important;padding-bottom: 30px !important;}&#8221;][vc_empty_space][\/vc_column][\/vc_row][vc_row][vc_column width=&#8221;1\/3&#8243;][vc_single_image image=&#8221;2000&#8243; img_size=&#8221;medium&#8221; onclick=&#8221;custom_link&#8221; link=&#8221;https:\/\/combray-skincare.com\/nl\/combray-webwinkel\/combray-regenerating-facial-oil\/&#8221;][vc_column_text] Regenerating Facial Oil Druivenpitolie en Oxofulleram Een onzuivere huid met bijvoorbeeld rosacea, eczeem, psoriasis en\/of acne heeft de nodige verzorging en aandacht nodig. Daarom adviseren wij onze Regenerating gezichtsolie, die enkel bestaat uit druivenpitolie en Oxofulleram. Deze olie is geschikt voor alle leeftijden, zowel&hellip;<\/p>\n","protected":false},"author":6,"featured_media":0,"parent":0,"menu_order":0,"comment_status":"closed","ping_status":"closed","template":"","meta":[],"yoast_head":"<!-- This site is optimized with the Yoast SEO plugin v20.6 - https:\/\/yoast.com\/wordpress\/plugins\/seo\/ -->\n<title>Welke olie past het beste bij uw huid? - Combray Skin Care<\/title>\n<meta name=\"robots\" content=\"index, follow, max-snippet:-1, max-image-preview:large, max-video-preview:-1\" \/>\n<link rel=\"canonical\" href=\"https:\/\/combray-skincare.com\/nl\/welke-olie-past-het-beste-bij-uw-huid\/\" \/>\n<meta property=\"og:locale\" content=\"nl_NL\" \/>\n<meta property=\"og:type\" content=\"article\" \/>\n<meta property=\"og:title\" content=\"Welke olie past het beste bij uw huid? - Combray Skin Care\" \/>\n<meta property=\"og:description\" content=\"[vc_row][vc_column css=&#8221;.vc_custom_1624882854438{padding-top: 30px !important;padding-bottom: 30px !important;}&#8221;][vc_empty_space][\/vc_column][\/vc_row][vc_row][vc_column width=&#8221;1\/3&#8243;][vc_single_image image=&#8221;2000&#8243; img_size=&#8221;medium&#8221; onclick=&#8221;custom_link&#8221; link=&#8221;https:\/\/combray-skincare.com\/nl\/combray-webwinkel\/combray-regenerating-facial-oil\/&#8221;][vc_column_text] Regenerating Facial Oil Druivenpitolie en Oxofulleram Een onzuivere huid met bijvoorbeeld rosacea, eczeem, psoriasis en\/of acne heeft de nodige verzorging en aandacht nodig. Daarom adviseren wij onze Regenerating gezichtsolie, die enkel bestaat uit druivenpitolie en Oxofulleram. Deze olie is geschikt voor alle leeftijden, zowel&hellip;\" \/>\n<meta property=\"og:url\" content=\"https:\/\/combray-skincare.com\/nl\/welke-olie-past-het-beste-bij-uw-huid\/\" \/>\n<meta property=\"og:site_name\" content=\"Combray Skin Care\" \/>\n<meta property=\"article:modified_time\" content=\"2023-06-06T19:10:52+00:00\" \/>\n<meta name=\"twitter:card\" content=\"summary_large_image\" \/>\n<meta name=\"twitter:label1\" content=\"Geschatte leestijd\" \/>\n\t<meta name=\"twitter:data1\" content=\"4 minuten\" \/>\n<script type=\"application\/ld+json\" class=\"yoast-schema-graph\">{\"@context\":\"https:\/\/schema.org\",\"@graph\":[{\"@type\":\"WebPage\",\"@id\":\"https:\/\/combray-skincare.com\/nl\/welke-olie-past-het-beste-bij-uw-huid\/\",\"url\":\"https:\/\/combray-skincare.com\/nl\/welke-olie-past-het-beste-bij-uw-huid\/\",\"name\":\"Welke olie past het beste bij uw huid? - Combray Skin Care\",\"isPartOf\":{\"@id\":\"https:\/\/combray-skincare.com\/nl\/#website\"},\"datePublished\":\"2021-06-17T13:36:18+00:00\",\"dateModified\":\"2023-06-06T19:10:52+00:00\",\"breadcrumb\":{\"@id\":\"https:\/\/combray-skincare.com\/nl\/welke-olie-past-het-beste-bij-uw-huid\/#breadcrumb\"},\"inLanguage\":\"nl-NL\",\"potentialAction\":[{\"@type\":\"ReadAction\",\"target\":[\"https:\/\/combray-skincare.com\/nl\/welke-olie-past-het-beste-bij-uw-huid\/\"]}]},{\"@type\":\"BreadcrumbList\",\"@id\":\"https:\/\/combray-skincare.com\/nl\/welke-olie-past-het-beste-bij-uw-huid\/#breadcrumb\",\"itemListElement\":[{\"@type\":\"ListItem\",\"position\":1,\"name\":\"Home\",\"item\":\"https:\/\/combray-skincare.com\/nl\/\"},{\"@type\":\"ListItem\",\"position\":2,\"name\":\"Welke olie past het beste bij uw huid?\"}]},{\"@type\":\"WebSite\",\"@id\":\"https:\/\/combray-skincare.com\/nl\/#website\",\"url\":\"https:\/\/combray-skincare.com\/nl\/\",\"name\":\"Combray Skin Care\",\"description\":\"Combray is skin care product with only two ingredients. Containing a patented antioxidant and a 100% natural oil. It is designed to mimic and supplement the skin's own protection methods.\",\"potentialAction\":[{\"@type\":\"SearchAction\",\"target\":{\"@type\":\"EntryPoint\",\"urlTemplate\":\"https:\/\/combray-skincare.com\/nl\/?s={search_term_string}\"},\"query-input\":\"required name=search_term_string\"}],\"inLanguage\":\"nl-NL\"}]}<\/script>\n<!-- \/ Yoast SEO plugin. -->","yoast_head_json":{"title":"Welke olie past het beste bij uw huid? - Combray Skin Care","robots":{"index":"index","follow":"follow","max-snippet":"max-snippet:-1","max-image-preview":"max-image-preview:large","max-video-preview":"max-video-preview:-1"},"canonical":"https:\/\/combray-skincare.com\/nl\/welke-olie-past-het-beste-bij-uw-huid\/","og_locale":"nl_NL","og_type":"article","og_title":"Welke olie past het beste bij uw huid? - Combray Skin Care","og_description":"[vc_row][vc_column css=&#8221;.vc_custom_1624882854438{padding-top: 30px !important;padding-bottom: 30px !important;}&#8221;][vc_empty_space][\/vc_column][\/vc_row][vc_row][vc_column width=&#8221;1\/3&#8243;][vc_single_image image=&#8221;2000&#8243; img_size=&#8221;medium&#8221; onclick=&#8221;custom_link&#8221; link=&#8221;https:\/\/combray-skincare.com\/nl\/combray-webwinkel\/combray-regenerating-facial-oil\/&#8221;][vc_column_text] Regenerating Facial Oil Druivenpitolie en Oxofulleram Een onzuivere huid met bijvoorbeeld rosacea, eczeem, psoriasis en\/of acne heeft de nodige verzorging en aandacht nodig. Daarom adviseren wij onze Regenerating gezichtsolie, die enkel bestaat uit druivenpitolie en Oxofulleram. Deze olie is geschikt voor alle leeftijden, zowel&hellip;","og_url":"https:\/\/combray-skincare.com\/nl\/welke-olie-past-het-beste-bij-uw-huid\/","og_site_name":"Combray Skin Care","article_modified_time":"2023-06-06T19:10:52+00:00","twitter_card":"summary_large_image","twitter_misc":{"Geschatte leestijd":"4 minuten"},"schema":{"@context":"https:\/\/schema.org","@graph":[{"@type":"WebPage","@id":"https:\/\/combray-skincare.com\/nl\/welke-olie-past-het-beste-bij-uw-huid\/","url":"https:\/\/combray-skincare.com\/nl\/welke-olie-past-het-beste-bij-uw-huid\/","name":"Welke olie past het beste bij uw huid? - Combray Skin Care","isPartOf":{"@id":"https:\/\/combray-skincare.com\/nl\/#website"},"datePublished":"2021-06-17T13:36:18+00:00","dateModified":"2023-06-06T19:10:52+00:00","breadcrumb":{"@id":"https:\/\/combray-skincare.com\/nl\/welke-olie-past-het-beste-bij-uw-huid\/#breadcrumb"},"inLanguage":"nl-NL","potentialAction":[{"@type":"ReadAction","target":["https:\/\/combray-skincare.com\/nl\/welke-olie-past-het-beste-bij-uw-huid\/"]}]},{"@type":"BreadcrumbList","@id":"https:\/\/combray-skincare.com\/nl\/welke-olie-past-het-beste-bij-uw-huid\/#breadcrumb","itemListElement":[{"@type":"ListItem","position":1,"name":"Home","item":"https:\/\/combray-skincare.com\/nl\/"},{"@type":"ListItem","position":2,"name":"Welke olie past het beste bij uw huid?"}]},{"@type":"WebSite","@id":"https:\/\/combray-skincare.com\/nl\/#website","url":"https:\/\/combray-skincare.com\/nl\/","name":"Combray Skin Care","description":"Combray is skin care product with only two ingredients. Containing a patented antioxidant and a 100% natural oil. It is designed to mimic and supplement the skin's own protection methods.","potentialAction":[{"@type":"SearchAction","target":{"@type":"EntryPoint","urlTemplate":"https:\/\/combray-skincare.com\/nl\/?s={search_term_string}"},"query-input":"required name=search_term_string"}],"inLanguage":"nl-NL"}]}},"_links":{"self":[{"href":"https:\/\/combray-skincare.com\/nl\/wp-json\/wp\/v2\/pages\/5980"}],"collection":[{"href":"https:\/\/combray-skincare.com\/nl\/wp-json\/wp\/v2\/pages"}],"about":[{"href":"https:\/\/combray-skincare.com\/nl\/wp-json\/wp\/v2\/types\/page"}],"author":[{"embeddable":true,"href":"https:\/\/combray-skincare.com\/nl\/wp-json\/wp\/v2\/users\/6"}],"replies":[{"embeddable":true,"href":"https:\/\/combray-skincare.com\/nl\/wp-json\/wp\/v2\/comments?post=5980"}],"version-history":[{"count":72,"href":"https:\/\/combray-skincare.com\/nl\/wp-json\/wp\/v2\/pages\/5980\/revisions"}],"predecessor-version":[{"id":7352,"href":"https:\/\/combray-skincare.com\/nl\/wp-json\/wp\/v2\/pages\/5980\/revisions\/7352"}],"wp:attachment":[{"href":"https:\/\/combray-skincare.com\/nl\/wp-json\/wp\/v2\/media?parent=5980"}],"curies":[{"name":"wp","href":"https:\/\/api.w.org\/{rel}","templated":true}]}}