{"id":3281,"date":"2019-05-06T12:46:38","date_gmt":"2019-05-06T11:46:38","guid":{"rendered":"https:\/\/combray-skincare.com\/?page_id=3281"},"modified":"2023-07-21T12:38:26","modified_gmt":"2023-07-21T11:38:26","slug":"over-combray","status":"publish","type":"page","link":"https:\/\/combray-skincare.com\/nl\/over-combray\/","title":{"rendered":"Over Combray"},"content":{"rendered":"<section class=\"wpb-content-wrapper\"><p>[vc_row][vc_column][vc_empty_space height=&#8221;29px&#8221;]<div class=\"dt-fancy-separator h3-size\" style=\"width: 100%;\"><div class=\"dt-fancy-title\" style=\"color: #ca9d6f;\"><span class=\"separator-holder separator-left\"><\/span>HET VERHAAL VAN COMBRAY<span class=\"separator-holder separator-right\"><\/span><\/div><\/div>[\/vc_column][\/vc_row][vc_row][vc_column width=&#8221;1\/2&#8243;][vc_empty_space height=&#8221;29px&#8221;][vc_column_text el_class=&#8221;checklist marginbottom-20&#8243;]<\/p>\n<h1 class=\"contenth1\">OVER COMBRAY<\/h1>\n<p class=\"p1\" style=\"text-align: justify;\">Combray is ontwikkeld door prof. dr. J.C. (Kees) Hummelen van de Rijksuniversiteit Groningen in samenwerking met Combray BV. De heer Hummelen heeft uitgebreid onderzoek gedaan dat leidde tot het huidverzorgingsmerk Combray. Hij ontwikkelde Oxofulleram. Oxofulleram is een krachtig antioxidant en het hoofdingredi\u00ebnt van Combray. Dit gepatenteerde ingredi\u00ebnt vind je alleen terug in de producten van Combray. Oxofulleram vangt de schade op van vrije radicalen in je huid. Vrije radicalen komen door omgevingsfactoren zoals zonlicht, roken, luchtvervuiling en interne omstandigheden zoals ontstekingsreacties van de huid. Naarmate we ouder worden, neemt ook de hoeveelheid antioxidanten in onze huid af. De revolutionaire producten van Combray zijn ontstaan door oxofulleram te combineren met cosmetische oli\u00ebn van de beste kwaliteit.<\/p>\n<p>[\/vc_column_text][\/vc_column][vc_column width=&#8221;1\/2&#8243;][vc_empty_space height=&#8221;29px&#8221;][vc_empty_space height=&#8221;36px&#8221;][vc_column_text el_class=&#8221;checklist&#8221;]<\/p>\n<p style=\"text-align: justify;\">Combray is inmiddels uitgegroeid tot een kwaliteitsmerk in de verzorgende cosmetica-industrie, zowel in Nederland als in het buitenland. Bij Combray doen we er alles aan om je de beste huidverzorging te bieden.<\/p>\n<p style=\"text-align: justify;\">Combray bestaat momenteel uit drie verschillende gezichtsoli\u00ebn en een reinigingsolie, die alle Oxofulleram en een natuurlijke olie bevatten. Elke natuurlijke olie is nauwkeurig geselecteerd voor zijn eigen unieke voordelen voor jouw huid.<\/p>\n<p>[\/vc_column_text][\/vc_column][\/vc_row][vc_row][vc_column][vc_single_image image=&#8221;7004&#8243; img_size=&#8221;large&#8221; alignment=&#8221;center&#8221;][\/vc_column][\/vc_row][vc_row][vc_column width=&#8221;1\/2&#8243;][vc_column_text]<\/p>\n<h3 class=\"p1\">OXOFULLERAM<\/h3>\n<p class=\"p1\" style=\"text-align: justify;\">Oxofulleram is een uniek molecuul en een zeer krachtige antioxidant. Oxofulleram is uitgevonden door prof. dr. J.C. (Kees) Hummelen en komt alleen voor in Combray. Oxofulleram werkt veel effectiever en sterker dan vitamine E, een ander veel gebruikte antioxidant. Oxofulleram is ook veel milder voor je huid dan vitamine E.<span class=\"Apple-converted-space\">\u00a0<\/span><\/p>\n<p class=\"p1\" style=\"text-align: justify;\">Antioxidanten spelen een belangrijke rol bij de gezondheid van jouw huid. Het zijn stoffen die schade in je lichaam als gevolg van oxidatieve stress tegengaan. Oxidatieve stress ontstaat als gevolg van bijvoorbeeld het gebruik van make-up, alcohol, roken, luchtvervuiling, stress, blootstelling aan de zon en ontstekingen.<\/p>\n<p>[\/vc_column_text][\/vc_column][vc_column width=&#8221;1\/2&#8243;][vc_empty_space height=&#8221;36px&#8221;][vc_column_text]<\/p>\n<p style=\"text-align: justify;\">De neutralisering van oxidatieve stress in je huid door de Oxofulleram zorgt voor een rustige en gezonde huid. De huid ziet er egaal uit en bestaande huidongemakken zullen verminderen. Oxofulleram zorgt er bovendien voor dat de cosmetische oli\u00ebn stabiel blijven. Combray en Oxofulleram zijn niet op dieren getest. De huidolie is helemaal vrij van chemische toevoegingen. Oxofulleram en Combray worden beschermd door meerdere patenten in de VS en Europa.<\/p>\n<p>[\/vc_column_text][\/vc_column][\/vc_row][vc_row][vc_column][vc_single_image image=&#8221;4364&#8243; img_size=&#8221;large&#8221; alignment=&#8221;center&#8221;][\/vc_column][\/vc_row][vc_row][vc_column width=&#8221;1\/2&#8243;][vc_empty_space height=&#8221;36px&#8221;][vc_column_text]<\/p>\n<h3 class=\"p1\">DE EFFECTIVITEIT<\/h3>\n<p class=\"p1\" style=\"text-align: justify;\">Voor Combray wordt cosmetische olie gebruikt omdat deze in de juiste huidlaag trekt. Hier doet de Oxofulleram zijn werk door de oxidatieve stress te neutraliseren. Hiernaast hebben de cosmetische oli\u00ebn ook allemaal een eigen werking in de huid. De werking van de olie en de werking van Oxofulleram versterken elkaar. Door dagelijks gebruik van Combray verminderen pigmentvlekken, fijne lijntjes en kraaienpootjes en ook pori\u00ebn minimaliseren.<\/p>\n<p class=\"p1\" style=\"text-align: justify;\">De huidolie werkt helend en kalmerend op een rode ge\u00efrriteerde of gestreste huid. Het verbetert het aanzien van rosacea, eczeem, psoriasis en acne. Tot slot kalmeert Combray de huid na overmatige blootstelling aan de zon of andere omstandigheden waarbij de huid aan oxidatieve stress wordt blootgesteld zoals kou en wind.<\/p>\n<p>[\/vc_column_text][\/vc_column][vc_column width=&#8221;1\/2&#8243;][vc_empty_space height=&#8221;36px&#8221;][vc_column_text]<\/p>\n<h3 class=\"p1\" style=\"text-align: justify;\">HET PRODUCT<\/h3>\n<p class=\"p1\" style=\"text-align: justify;\">Het unieke van Combray is dat het uit maar 2 ingredi\u00ebnten bestaat: Oxofulleram en de hoogste kwaliteit cosmetische oli\u00ebn. Geen lange lijst met ingredi\u00ebnten wat het risico op allergie\u00ebn alleen maar doet toenemen. Daarnaast is de concentratie werkzame stof erg hoog in vergelijking met andere cosmetische producten, waardoor Combray ook echt werkt. Door deze hoge concentratie Oxofulleram hebben alle gezichtsoli\u00ebn een donkere kleur.<\/p>\n<p>[\/vc_column_text][\/vc_column][\/vc_row][vc_row][vc_column][vc_empty_space][vc_empty_space][vc_separator color=&#8221;custom&#8221; style=&#8221;double&#8221;][vc_empty_space][vc_empty_space][\/vc_column][\/vc_row][vc_row][vc_column width=&#8221;1\/3&#8243;][vc_btn title=&#8221;NIEUWSBLOG&#8221; style=&#8221;outline-custom&#8221; outline_custom_color=&#8221;#ca9d6f&#8221; outline_custom_hover_background=&#8221;#ca9d6f&#8221; outline_custom_hover_text=&#8221;#ffffff&#8221; shape=&#8221;round&#8221; size=&#8221;lg&#8221; align=&#8221;center&#8221; css_animation=&#8221;bounceIn&#8221; button_block=&#8221;true&#8221; link=&#8221;url:https%3A%2F%2Fcombray-skincare.com%2Fnl%2Fnieuwsblog-nieuws-en-tips%2F|title:Nieuws|target:_blank&#8221;][\/vc_column][vc_column width=&#8221;1\/3&#8243;][vc_btn title=&#8221;SHOP&#8221; style=&#8221;outline-custom&#8221; outline_custom_color=&#8221;#ca9d6f&#8221; outline_custom_hover_background=&#8221;#ca9d6f&#8221; outline_custom_hover_text=&#8221;#ffffff&#8221; shape=&#8221;round&#8221; size=&#8221;lg&#8221; align=&#8221;center&#8221; css_animation=&#8221;bounceIn&#8221; button_block=&#8221;true&#8221; link=&#8221;url:https%3A%2F%2Fcombray-skincare.com%2Fnl%2Fcombray-webwinkel%2F|title:Nieuws|target:_blank&#8221;][\/vc_column][vc_column width=&#8221;1\/3&#8243;][vc_btn title=&#8221;CONTACT&#8221; style=&#8221;outline-custom&#8221; outline_custom_color=&#8221;#ca9d6f&#8221; outline_custom_hover_background=&#8221;#ca9d6f&#8221; outline_custom_hover_text=&#8221;#ffffff&#8221; shape=&#8221;round&#8221; size=&#8221;lg&#8221; align=&#8221;center&#8221; css_animation=&#8221;bounceIn&#8221; button_block=&#8221;true&#8221; link=&#8221;url:https%3A%2F%2Fcombray-skincare.com%2Fnl%2Fcontact%2F|title:Nieuws|target:_blank&#8221;][\/vc_column][\/vc_row][vc_row][vc_column][\/vc_column][\/vc_row][vc_row][vc_column][\/vc_column][\/vc_row]<\/p>\n<\/section>","protected":false},"excerpt":{"rendered":"<p>[vc_row][vc_column][vc_empty_space height=&#8221;29px&#8221;][\/vc_column][\/vc_row][vc_row][vc_column width=&#8221;1\/2&#8243;][vc_empty_space height=&#8221;29px&#8221;][vc_column_text el_class=&#8221;checklist marginbottom-20&#8243;] OVER COMBRAY Combray is ontwikkeld door prof. dr. J.C. (Kees) Hummelen van de Rijksuniversiteit Groningen in samenwerking met Combray BV. De heer Hummelen heeft uitgebreid onderzoek gedaan dat leidde tot het huidverzorgingsmerk Combray. Hij ontwikkelde Oxofulleram. Oxofulleram is een krachtig antioxidant en het hoofdingredi\u00ebnt van Combray. Dit gepatenteerde ingredi\u00ebnt&hellip;<\/p>\n","protected":false},"author":1,"featured_media":0,"parent":0,"menu_order":0,"comment_status":"closed","ping_status":"closed","template":"","meta":[],"yoast_head":"<!-- This site is optimized with the Yoast SEO plugin v20.6 - https:\/\/yoast.com\/wordpress\/plugins\/seo\/ -->\n<title>Over Combray - Alles over de antioxidant huidverzorging<\/title>\n<meta name=\"description\" content=\"Het unieke van Combray is dat het enkel uit twee ingredi\u00ebnten bestaat namelijk Oxofulleram en de hoogste kwaliteit cosmetische oli\u00ebn.\" \/>\n<meta name=\"robots\" content=\"index, follow, max-snippet:-1, max-image-preview:large, max-video-preview:-1\" \/>\n<link rel=\"canonical\" href=\"https:\/\/combray-skincare.com\/nl\/over-combray\/\" \/>\n<meta property=\"og:locale\" content=\"nl_NL\" \/>\n<meta property=\"og:type\" content=\"article\" \/>\n<meta property=\"og:title\" content=\"Over Combray - Alles over de antioxidant huidverzorging\" \/>\n<meta property=\"og:description\" content=\"Het unieke van Combray is dat het enkel uit twee ingredi\u00ebnten bestaat namelijk Oxofulleram en de hoogste kwaliteit cosmetische oli\u00ebn.\" \/>\n<meta property=\"og:url\" content=\"https:\/\/combray-skincare.com\/nl\/over-combray\/\" \/>\n<meta property=\"og:site_name\" content=\"Combray Skin Care\" \/>\n<meta property=\"article:modified_time\" content=\"2023-07-21T11:38:26+00:00\" \/>\n<meta name=\"twitter:card\" content=\"summary_large_image\" \/>\n<meta name=\"twitter:label1\" content=\"Geschatte leestijd\" \/>\n\t<meta name=\"twitter:data1\" content=\"3 minuten\" \/>\n<script type=\"application\/ld+json\" class=\"yoast-schema-graph\">{\"@context\":\"https:\/\/schema.org\",\"@graph\":[{\"@type\":\"WebPage\",\"@id\":\"https:\/\/combray-skincare.com\/nl\/over-combray\/\",\"url\":\"https:\/\/combray-skincare.com\/nl\/over-combray\/\",\"name\":\"Over Combray - Alles over de antioxidant huidverzorging\",\"isPartOf\":{\"@id\":\"https:\/\/combray-skincare.com\/nl\/#website\"},\"datePublished\":\"2019-05-06T11:46:38+00:00\",\"dateModified\":\"2023-07-21T11:38:26+00:00\",\"description\":\"Het unieke van Combray is dat het enkel uit twee ingredi\u00ebnten bestaat namelijk Oxofulleram en de hoogste kwaliteit cosmetische oli\u00ebn.\",\"breadcrumb\":{\"@id\":\"https:\/\/combray-skincare.com\/nl\/over-combray\/#breadcrumb\"},\"inLanguage\":\"nl-NL\",\"potentialAction\":[{\"@type\":\"ReadAction\",\"target\":[\"https:\/\/combray-skincare.com\/nl\/over-combray\/\"]}]},{\"@type\":\"BreadcrumbList\",\"@id\":\"https:\/\/combray-skincare.com\/nl\/over-combray\/#breadcrumb\",\"itemListElement\":[{\"@type\":\"ListItem\",\"position\":1,\"name\":\"Home\",\"item\":\"https:\/\/combray-skincare.com\/nl\/\"},{\"@type\":\"ListItem\",\"position\":2,\"name\":\"Over Combray\"}]},{\"@type\":\"WebSite\",\"@id\":\"https:\/\/combray-skincare.com\/nl\/#website\",\"url\":\"https:\/\/combray-skincare.com\/nl\/\",\"name\":\"Combray Skin Care\",\"description\":\"Combray is skin care product with only two ingredients. Containing a patented antioxidant and a 100% natural oil. It is designed to mimic and supplement the skin's own protection methods.\",\"potentialAction\":[{\"@type\":\"SearchAction\",\"target\":{\"@type\":\"EntryPoint\",\"urlTemplate\":\"https:\/\/combray-skincare.com\/nl\/?s={search_term_string}\"},\"query-input\":\"required name=search_term_string\"}],\"inLanguage\":\"nl-NL\"}]}<\/script>\n<!-- \/ Yoast SEO plugin. -->","yoast_head_json":{"title":"Over Combray - Alles over de antioxidant huidverzorging","description":"Het unieke van Combray is dat het enkel uit twee ingredi\u00ebnten bestaat namelijk Oxofulleram en de hoogste kwaliteit cosmetische oli\u00ebn.","robots":{"index":"index","follow":"follow","max-snippet":"max-snippet:-1","max-image-preview":"max-image-preview:large","max-video-preview":"max-video-preview:-1"},"canonical":"https:\/\/combray-skincare.com\/nl\/over-combray\/","og_locale":"nl_NL","og_type":"article","og_title":"Over Combray - Alles over de antioxidant huidverzorging","og_description":"Het unieke van Combray is dat het enkel uit twee ingredi\u00ebnten bestaat namelijk Oxofulleram en de hoogste kwaliteit cosmetische oli\u00ebn.","og_url":"https:\/\/combray-skincare.com\/nl\/over-combray\/","og_site_name":"Combray Skin Care","article_modified_time":"2023-07-21T11:38:26+00:00","twitter_card":"summary_large_image","twitter_misc":{"Geschatte leestijd":"3 minuten"},"schema":{"@context":"https:\/\/schema.org","@graph":[{"@type":"WebPage","@id":"https:\/\/combray-skincare.com\/nl\/over-combray\/","url":"https:\/\/combray-skincare.com\/nl\/over-combray\/","name":"Over Combray - Alles over de antioxidant huidverzorging","isPartOf":{"@id":"https:\/\/combray-skincare.com\/nl\/#website"},"datePublished":"2019-05-06T11:46:38+00:00","dateModified":"2023-07-21T11:38:26+00:00","description":"Het unieke van Combray is dat het enkel uit twee ingredi\u00ebnten bestaat namelijk Oxofulleram en de hoogste kwaliteit cosmetische oli\u00ebn.","breadcrumb":{"@id":"https:\/\/combray-skincare.com\/nl\/over-combray\/#breadcrumb"},"inLanguage":"nl-NL","potentialAction":[{"@type":"ReadAction","target":["https:\/\/combray-skincare.com\/nl\/over-combray\/"]}]},{"@type":"BreadcrumbList","@id":"https:\/\/combray-skincare.com\/nl\/over-combray\/#breadcrumb","itemListElement":[{"@type":"ListItem","position":1,"name":"Home","item":"https:\/\/combray-skincare.com\/nl\/"},{"@type":"ListItem","position":2,"name":"Over Combray"}]},{"@type":"WebSite","@id":"https:\/\/combray-skincare.com\/nl\/#website","url":"https:\/\/combray-skincare.com\/nl\/","name":"Combray Skin Care","description":"Combray is skin care product with only two ingredients. Containing a patented antioxidant and a 100% natural oil. It is designed to mimic and supplement the skin's own protection methods.","potentialAction":[{"@type":"SearchAction","target":{"@type":"EntryPoint","urlTemplate":"https:\/\/combray-skincare.com\/nl\/?s={search_term_string}"},"query-input":"required name=search_term_string"}],"inLanguage":"nl-NL"}]}},"_links":{"self":[{"href":"https:\/\/combray-skincare.com\/nl\/wp-json\/wp\/v2\/pages\/3281"}],"collection":[{"href":"https:\/\/combray-skincare.com\/nl\/wp-json\/wp\/v2\/pages"}],"about":[{"href":"https:\/\/combray-skincare.com\/nl\/wp-json\/wp\/v2\/types\/page"}],"author":[{"embeddable":true,"href":"https:\/\/combray-skincare.com\/nl\/wp-json\/wp\/v2\/users\/1"}],"replies":[{"embeddable":true,"href":"https:\/\/combray-skincare.com\/nl\/wp-json\/wp\/v2\/comments?post=3281"}],"version-history":[{"count":69,"href":"https:\/\/combray-skincare.com\/nl\/wp-json\/wp\/v2\/pages\/3281\/revisions"}],"predecessor-version":[{"id":7446,"href":"https:\/\/combray-skincare.com\/nl\/wp-json\/wp\/v2\/pages\/3281\/revisions\/7446"}],"wp:attachment":[{"href":"https:\/\/combray-skincare.com\/nl\/wp-json\/wp\/v2\/media?parent=3281"}],"curies":[{"name":"wp","href":"https:\/\/api.w.org\/{rel}","templated":true}]}}