{"id":6646,"date":"2022-05-20T13:38:04","date_gmt":"2022-05-20T12:38:04","guid":{"rendered":"https:\/\/combray-skincare.com\/combray\/"},"modified":"2023-05-02T08:46:53","modified_gmt":"2023-05-02T07:46:53","slug":"combray","status":"publish","type":"page","link":"https:\/\/combray-skincare.com\/fr\/","title":{"rendered":"Combray"},"content":{"rendered":"<section class=\"wpb-content-wrapper\"><p>[vc_row full_width=\u00a0\u00bbstretch_row\u00a0\u00bb equal_height=\u00a0\u00bbyes\u00a0\u00bb content_placement=\u00a0\u00bbmiddle\u00a0\u00bb][vc_column width=\u00a0\u00bb1\/2&Prime; css=\u00a0\u00bb.vc_custom_1583054446221{background-color: #ffffff !important;}\u00a0\u00bb][vc_empty_space][vc_column_text css_animation=\u00a0\u00bbnone\u00a0\u00bb]<\/p>\n<h2><strong>PORT\u00c9 PAR LA BEAUT\u00c9,<\/strong><\/h2>\n<p>[\/vc_column_text][vc_column_text css_animation=\u00a0\u00bbnone\u00a0\u00bb]<\/p>\n<h2>PROUV\u00c9 PAR LA SCIENCE<\/h2>\n<h2><\/h2>\n<p>[\/vc_column_text][vc_empty_space height=\u00a0\u00bb15px\u00a0\u00bb][vc_column_text]<\/p>\n<div class=\"page\" title=\"Page 1\">\n<div class=\"section\">\n<div class=\"layoutArea\">\n<div class=\"column\">\n<p>Combray est un soin de la peau avec une forte concentration d&rsquo;antioxydants puissants pour ralentir le vieillissement de la peau, prote\u0301ger et re\u0301parer la peau, renforcer la peau et la rendre radieuse. Ce soin unique contient un ingre\u0301dient spe\u0301cial et brevete\u0301, l&rsquo;Oxofulleram et une huile cosme\u0301tique de haute qualite\u0301. Ainsi, les soins Combray ne se compose que de deux ingre\u0301dients.<\/p><\/div>\n<\/div>\n<\/div>\n<\/div>\n<p>[\/vc_column_text][vc_empty_space height=\u00a0\u00bb15px\u00a0\u00bb][vc_btn title=\u00a0\u00bbESSAYEZ COMBRAY AVEC LE PACK D&rsquo;\u00c9CHANTILLONS\u00a0\u00bb style=\u00a0\u00bboutline-custom\u00a0\u00bb outline_custom_color=\u00a0\u00bb#ca9d6f\u00a0\u00bb outline_custom_hover_background=\u00a0\u00bb#ca9d6f\u00a0\u00bb outline_custom_hover_text=\u00a0\u00bb#ffffff\u00a0\u00bb shape=\u00a0\u00bbround\u00a0\u00bb align=\u00a0\u00bbcenter\u00a0\u00bb css_animation=\u00a0\u00bbbounceIn\u00a0\u00bb link=\u00a0\u00bburl:https%3A%2F%2Fcombray-skincare.com%2Fnl%2Fcombray-webwinkel%2Fsample-product-pakket%2F|\u00a0\u00bb css=\u00a0\u00bb.vc_custom_1640016844930{border-radius: 4px !important;}\u00a0\u00bb][\/vc_column][vc_column width=\u00a0\u00bb1\/2&Prime;][vc_empty_space][vc_single_image image=\u00a0\u00bb6903&Prime; img_size=\u00a0\u00bbfull\u00a0\u00bb onclick=\u00a0\u00bbcustom_link\u00a0\u00bb link=\u00a0\u00bbhttps:%2F%2Fcombray-skincare.com%2Fnl%2Fcombray-webwinkel%2F|\u00a0\u00bb][vc_empty_space][\/vc_column][\/vc_row][vc_row full_width=\u00a0\u00bbstretch_row\u00a0\u00bb css=\u00a0\u00bb.vc_custom_1591348889989{padding-top: 40px !important;padding-bottom: 20px !important;background-color: #ffffff !important;}\u00a0\u00bb el_class=\u00a0\u00bbnew\u00a0\u00bb][vc_column][vc_column_text el_class=\u00a0\u00bbmarginbottom-10 center\u00a0\u00bb]<\/p>\n<h2 id=\"tw-target-text\" class=\"tw-data-text tw-text-large tw-ta\" dir=\"ltr\" style=\"text-align: right;\" data-placeholder=\"Vertaling\"><span class=\"Y2IQFc\" lang=\"fr\">COMBRAY A L&rsquo;AIR DIFF\u00c9RENT ET SE SENT DIFF\u00c9RENT<\/span><\/h2>\n<p>[\/vc_column_text][vc_column_text el_class=\u00a0\u00bbgold marginbottom-30 center\u00a0\u00bb]<\/p>\n<h3 style=\"text-align: right;\">6 gouttes pour une peau plus saine<\/h3>\n<p>[\/vc_column_text][vc_column_text el_class=\u00a0\u00bbcenter marginbottom-30&Prime;]<\/p>\n<div class=\"page\" style=\"text-align: right;\" title=\"Page 1\">\n<div class=\"section\">\n<div class=\"layoutArea\">\n<div class=\"column\">\n<p>Les soins Combray ne contiennent rien de plus que ce dont votre peau a besoin, a\u0300 savoir une forte concentration du puissant antioxydant Oxofulleram et une huile cosme\u0301tique de haute qualite\u0301. Cette combinaison d&rsquo;ingre\u0301dients est conc\u0327ue pour imiter et est un comple\u0301ment des me\u0301thodes de protection propres a\u0300 la peau. Les soins Combray permettent de ralentir le processus de vieillissement de la peau en la prote\u0301geant de l\u2019environnement exte\u0301rieur. La re\u0301sistance de la peau est augmente\u0301e gra\u0302ce a\u0300 l&rsquo;Oxofulleram, un puissant antioxydant, et les diffe\u0301rents de\u0301sagre\u0301ments de votre peau n&rsquo;ont aucune chance. Ainsi, la peau est radieuse, ferme et saine. Vous voulez savoir si l&rsquo;huile Combray convient a\u0300 votre peau ? Essayez-les ici.<\/p>\n<p>Vous e\u0302tes curieux de connai\u0302tre les produits ou l&rsquo;efficacite\u0301 de Combray ? Visitez alors la page sur Combray. Sur cette page, vous trouverez e\u0301galement l&rsquo;historique de l&rsquo;ingre\u0301dient contenu dans les huiles pour le visage, a\u0300 savoir l&rsquo;oxofulleram. Vous souhaitez essayer les Huiles pour le visage ? Utilisez notre service d&rsquo;e\u0301chantillons ou de\u0301couvrez celle qui convient le mieux a\u0300 votre peau.<\/p><\/div>\n<\/div>\n<\/div>\n<\/div>\n<p>[\/vc_column_text][\/vc_column][\/vc_row][vc_row css=\u00a0\u00bb.vc_custom_1591349175398{margin-bottom: 20px !important;}\u00a0\u00bb][vc_column][vc_column_text]<\/p>\n<h2><strong>VU DANS<\/strong><\/h2>\n<p>[\/vc_column_text][vc_separator color=\u00a0\u00bbcustom\u00a0\u00bb accent_color=\u00a0\u00bb#ca9f6d\u00a0\u00bb][vc_row gap=\"30\" content_placement=\"middle\"][vc_column width=\"1\/3\" offset=\"vc_col-lg-4 vc_col-md-3 vc_col-xs-2\"][vc_single_image image=\"2644\" img_size=\"medium\" alignment=\"center\" el_class=\"logo\"][\/vc_column][vc_column width=\"1\/3\" offset=\"vc_col-lg-4 vc_col-md-3 vc_col-xs-2\"][vc_single_image image=\"2655\" img_size=\"full\" alignment=\"center\" el_class=\"logo\"][\/vc_column][vc_column width=\"1\/3\" offset=\"vc_col-lg-4 vc_col-md-3 vc_col-xs-2\"][vc_single_image image=\"2651\" img_size=\"full\" alignment=\"center\" el_class=\"logo\"][\/vc_column][\/vc_row][vc_row gap=\"30\" content_placement=\"middle\"][vc_column width=\"1\/3\" offset=\"vc_col-lg-4 vc_col-md-3 vc_col-xs-2\"][vc_single_image image=\"1909\" img_size=\"full\" alignment=\"center\" el_class=\"logo\"][\/vc_column][vc_column width=\"1\/3\" offset=\"vc_col-lg-4 vc_col-md-3 vc_col-xs-2\"][vc_single_image image=\"2653\" img_size=\"full\" alignment=\"center\" el_class=\"logo\"][\/vc_column][vc_column width=\"1\/3\" offset=\"vc_col-lg-4 vc_col-md-3 vc_col-xs-2\"][vc_single_image image=\"105\" img_size=\"full\" alignment=\"center\" el_class=\"logo\"][\/vc_column][\/vc_row][vc_row gap=\"30\" content_placement=\"middle\"][vc_column width=\"1\/3\" offset=\"vc_col-lg-4 vc_col-md-3 vc_col-xs-2\"][vc_single_image image=\"106\" img_size=\"full\" alignment=\"center\" el_class=\"logo\"][\/vc_column][vc_column width=\"1\/3\" offset=\"vc_col-lg-4 vc_col-md-3 vc_col-xs-2\"][vc_single_image image=\"114\" img_size=\"full\" alignment=\"center\" el_class=\"logo\"][\/vc_column][vc_column width=\"1\/3\" offset=\"vc_col-lg-4 vc_col-md-3 vc_col-xs-2\"][vc_single_image image=\"112\" img_size=\"full\" alignment=\"center\" el_class=\"logo\"][\/vc_column][\/vc_row][vc_row gap=\"30\" content_placement=\"middle\"][vc_column width=\"1\/3\" offset=\"vc_col-lg-4 vc_col-md-3 vc_col-xs-2\"][\/vc_column][vc_column width=\"1\/3\" offset=\"vc_col-lg-4 vc_col-md-3 vc_col-xs-2\"][\/vc_column][vc_column width=\"1\/3\" offset=\"vc_col-lg-4 vc_col-md-3 vc_col-xs-2\"][\/vc_column][\/vc_row][vc_row gap=\"30\" content_placement=\"middle\"][vc_column width=\"1\/3\" offset=\"vc_col-lg-4 vc_col-md-3 vc_col-xs-2\"][\/vc_column][vc_column width=\"1\/3\" offset=\"vc_col-lg-4 vc_col-md-3 vc_col-xs-2\"][\/vc_column][vc_column width=\"1\/3\" offset=\"vc_col-lg-4 vc_col-md-3 vc_col-xs-2\"][\/vc_column][\/vc_row][vc_row][vc_column width=\"1\/3\"][\/vc_column][vc_column width=\"1\/3\"][\/vc_column][vc_column width=\"1\/3\"][\/vc_column][\/vc_row][vc_row][vc_column width=\"1\/3\"][\/vc_column][vc_column width=\"1\/3\"][\/vc_column][vc_column width=\"1\/3\"][\/vc_column][\/vc_row][vc_separator color=\u00a0\u00bbcustom\u00a0\u00bb accent_color=\u00a0\u00bb#ca9f6d\u00a0\u00bb][\/vc_column][vc_column][\/vc_column][vc_column][\/vc_column][\/vc_row][vc_row css=\u00a0\u00bb.vc_custom_1558359156524{padding-top: 60px !important;padding-bottom: 60px !important;}\u00a0\u00bb][vc_column]<style type=\"text\/css\" data-type=\"the7_shortcodes-inline-css\">.products-carousel-shortcode.products-carousel-shortcode-id-0cbd865d0ad30a79e6451c3796c4be84 .owl-nav a {\n  width: 36px;\n  height: 36px;\n  border-radius: 500px;\n}\n.dt-arrow-border-on.products-carousel-shortcode.products-carousel-shortcode-id-0cbd865d0ad30a79e6451c3796c4be84 .owl-nav a:not(:hover):before {\n  border-width: 0px;\n}\n.dt-arrow-hover-border-on.products-carousel-shortcode.products-carousel-shortcode-id-0cbd865d0ad30a79e6451c3796c4be84 .owl-nav a:hover:after {\n  border-width: 0px;\n}\n.products-carousel-shortcode.products-carousel-shortcode-id-0cbd865d0ad30a79e6451c3796c4be84 .owl-nav a.owl-prev {\n  top: 50%;\n  transform: translateY(calc(-50% + 0px));\n  left: -43px;\n}\n@media all and (-ms-high-contrast: none) {\n  .products-carousel-shortcode.products-carousel-shortcode-id-0cbd865d0ad30a79e6451c3796c4be84 .owl-nav a.owl-prev {\n    transform: translateY(-50%);\n    margin-top: 0px;\n  }\n}\n.products-carousel-shortcode.products-carousel-shortcode-id-0cbd865d0ad30a79e6451c3796c4be84 .owl-nav a.owl-prev i {\n  padding: 0px 0px 0px 0px;\n}\n.products-carousel-shortcode.products-carousel-shortcode-id-0cbd865d0ad30a79e6451c3796c4be84 .owl-nav a.owl-next {\n  top: 50%;\n  transform: translateY(calc(-50% + 0px));\n  right: -43px;\n}\n@media all and (-ms-high-contrast: none) {\n  .products-carousel-shortcode.products-carousel-shortcode-id-0cbd865d0ad30a79e6451c3796c4be84 .owl-nav a.owl-next {\n    transform: translateY(-50%);\n    margin-top: 0px;\n  }\n}\n.products-carousel-shortcode.products-carousel-shortcode-id-0cbd865d0ad30a79e6451c3796c4be84 .owl-nav a.owl-next i {\n  padding: 0px 0px 0px 0px;\n}\n.products-carousel-shortcode.products-carousel-shortcode-id-0cbd865d0ad30a79e6451c3796c4be84 .owl-nav i {\n  font-size: 18px;\n}\n.products-carousel-shortcode.products-carousel-shortcode-id-0cbd865d0ad30a79e6451c3796c4be84 .owl-nav a:not(:hover) i,\n.products-carousel-shortcode.products-carousel-shortcode-id-0cbd865d0ad30a79e6451c3796c4be84 .owl-nav a:not(:hover) i:before {\n  color: #ffffff;\n  background: none;\n}\n.products-carousel-shortcode.products-carousel-shortcode-id-0cbd865d0ad30a79e6451c3796c4be84 .owl-nav a:hover i,\n.products-carousel-shortcode.products-carousel-shortcode-id-0cbd865d0ad30a79e6451c3796c4be84 .owl-nav a:hover i:before {\n  color: rgba(255,255,255,0.75);\n  background: none;\n}\n.products-carousel-shortcode.products-carousel-shortcode-id-0cbd865d0ad30a79e6451c3796c4be84 .owl-dots {\n  top: calc(100% + 20px);\n  left: 50%;\n  transform: translateX(calc(-50% + 0px));\n}\n@media all and (-ms-high-contrast: none) {\n  .products-carousel-shortcode.products-carousel-shortcode-id-0cbd865d0ad30a79e6451c3796c4be84 .owl-dots {\n    transform: translateX(-50%);\n    margin-left: 0px;\n  }\n}\n.products-carousel-shortcode.products-carousel-shortcode-id-0cbd865d0ad30a79e6451c3796c4be84 .owl-dot {\n  width: 10px;\n  height: 10px;\n  margin: 0 8px;\n}\n@media screen and (max-width: 778px) {\n  .products-carousel-shortcode.products-carousel-shortcode-id-0cbd865d0ad30a79e6451c3796c4be84.hide-arrows .owl-nav a {\n    display: none;\n  }\n}\n@media screen and (max-width: 778px) {\n  .products-carousel-shortcode.products-carousel-shortcode-id-0cbd865d0ad30a79e6451c3796c4be84.reposition-arrows .owl-nav .owl-prev {\n    top: 50%;\n    transform: translateY(calc(-50% + 0px));\n    left: 10px;\n  }\n  .products-carousel-shortcode.products-carousel-shortcode-id-0cbd865d0ad30a79e6451c3796c4be84.reposition-arrows .owl-nav .owl-next {\n    top: 50%;\n    transform: translateY(calc(-50% + 0px));\n    right: 10px;\n  }\n}\n@media screen and (max-width: 778px) and all and (-ms-high-contrast: none) {\n  .products-carousel-shortcode.products-carousel-shortcode-id-0cbd865d0ad30a79e6451c3796c4be84.reposition-arrows .owl-nav .owl-prev {\n    transform: translateY(-50%);\n    margin-top: 0px;\n  }\n}\n@media screen and (max-width: 778px) and all and (-ms-high-contrast: none) {\n  .products-carousel-shortcode.products-carousel-shortcode-id-0cbd865d0ad30a79e6451c3796c4be84.reposition-arrows .owl-nav .owl-next {\n    transform: translateY(-50%);\n    margin-top: 0px;\n  }\n}\n.products-carousel-shortcode.products-carousel-shortcode-id-0cbd865d0ad30a79e6451c3796c4be84 .star-rating,\n.products-carousel-shortcode.products-carousel-shortcode-id-0cbd865d0ad30a79e6451c3796c4be84 .star-rating:before {\n  color: rgba(12,9,9,0.2);\n}\n.products-carousel-shortcode.products-carousel-shortcode-id-0cbd865d0ad30a79e6451c3796c4be84 .entry-title,\n.products-carousel-shortcode.products-carousel-shortcode-id-0cbd865d0ad30a79e6451c3796c4be84 .entry-title *,\n.products-carousel-shortcode.products-carousel-shortcode-id-0cbd865d0ad30a79e6451c3796c4be84 .woocom-list-content .price,\n.products-carousel-shortcode.products-carousel-shortcode-id-0cbd865d0ad30a79e6451c3796c4be84 .woocom-list-content .price * {\n  color: #0c0909;\n}\n.products-carousel-shortcode.products-carousel-shortcode-id-0cbd865d0ad30a79e6451c3796c4be84 .woocom-list-content .price del,\n.products-carousel-shortcode.products-carousel-shortcode-id-0cbd865d0ad30a79e6451c3796c4be84 .woocom-list-content .price del * {\n  color: #000000;\n}\n<\/style><div class=\"owl-carousel products-carousel-shortcode dt-owl-carousel-call products-carousel-shortcode-id-0cbd865d0ad30a79e6451c3796c4be84 cart-btn-on-img bullets-small-dot-stroke reposition-arrows arrows-bg-on dt-arrow-border-on dt-arrow-hover-border-on disable-arrows-hover-bg arrows-hover-bg-on  wc-img-hover hide-description \" data-scroll-mode=\"1\" data-wide-col-num=\"5\" data-col-num=\"4\" data-laptop-col=\"3\" data-h-tablet-columns-num=\"2\" data-v-tablet-columns-num=\"2\" data-phone-columns-num=\"2\" data-auto-height=\"true\" data-col-gap=\"10\" data-stage-padding=\"0\" data-speed=\"600\" data-autoplay=\"true\" data-autoplay_speed=\"3000\" data-arrows=\"false\" data-bullet=\"false\" data-next-icon=\"icon-ar-017-r\" data-prev-icon=\"icon-ar-017-l\"><\/div>[vc_empty_space height=\u00a0\u00bb64px\u00a0\u00bb][\/vc_column][\/vc_row][vc_row full_width=\u00a0\u00bbstretch_row\u00a0\u00bb css=\u00a0\u00bb.vc_custom_1583168160490{padding-top: 60px !important;padding-bottom: 60px !important;background-color: #ffffff !important;}\u00a0\u00bb el_class=\u00a0\u00bbnew\u00a0\u00bb][vc_column width=\u00a0\u00bb1\/3&Prime;][vc_column_text el_class=\u00a0\u00bbmarginbottom-10 center\u00a0\u00bb]<\/p>\n<p style=\"text-align: left;\">Cette huile prend soin de ma peau sans laisser de film gras.<\/p>\n<p>[\/vc_column_text][vc_column_text el_class=\u00a0\u00bbgold marginbottom-30 center\u00a0\u00bb]<\/p>\n<pre id=\"tw-target-text\" class=\"tw-data-text tw-text-large tw-ta\" dir=\"ltr\" data-placeholder=\"Vertaling\"><\/pre>\n<h4 id=\"tw-target-text\" class=\"tw-data-text tw-text-large tw-ta\" dir=\"ltr\" style=\"text-align: left;\" data-placeholder=\"Vertaling\"><span class=\"Y2IQFc\" lang=\"fr\">Combray Huile Visage R\u00e9g\u00e9n\u00e9rante<\/span><\/h4>\n<p>[\/vc_column_text][vc_column_text el_class=\u00a0\u00bbcenter marginbottom-30&Prime;]<\/p>\n<div id=\"comment-14124\" class=\"comment_container\" style=\"text-align: left;\">\n<div class=\"comment-text\">\n<div class=\"description\">\n<p id=\"tw-target-text\" class=\"tw-data-text tw-text-large tw-ta\" dir=\"ltr\" data-placeholder=\"Vertaling\"><span class=\"Y2IQFc\" lang=\"fr\"><em>J&rsquo;utilise l&rsquo;Huile R\u00e9g\u00e9n\u00e9rante sur les conseils de ma m\u00e8re et \u00e7a me fait tr\u00e8s plaisir. J&rsquo;ai la peau mixte, sensible. Surtout en hiver, elle tiraille souvent et cette huile prend soin de ma peau sans laisser de film gras. J&rsquo;utilise l&rsquo;huile le matin et le soir et n&rsquo;utilise qu&rsquo;un fond de teint color\u00e9 avec Spf sur cette huile pendant la journ\u00e9e. La bouteille est belle et facile \u00e0 utiliser et vous n&rsquo;avez besoin que de quelques gouttes<\/em> &#8211; Arleyne<\/span><\/p>\n<\/div>\n<\/div>\n<\/div>\n<p>[\/vc_column_text][\/vc_column][vc_column width=\u00a0\u00bb1\/3&Prime;][vc_column_text el_class=\u00a0\u00bbmarginbottom-10 center\u00a0\u00bb]<\/p>\n<p style=\"text-align: left;\">C&rsquo;est vraiment une aubaine pour moi.<\/p>\n<p>[\/vc_column_text][vc_column_text el_class=\u00a0\u00bbgold marginbottom-30 center\u00a0\u00bb]<\/p>\n<h4 style=\"text-align: left;\">Combray Huile Rajeunissante Visage<\/h4>\n<p>[\/vc_column_text][vc_column_text el_class=\u00a0\u00bbcenter marginbottom-30&Prime;]<\/p>\n<p id=\"tw-target-text\" class=\"tw-data-text tw-text-large tw-ta\" dir=\"ltr\" data-placeholder=\"Vertaling\"><em><span class=\"Y2IQFc\" lang=\"fr\">C&rsquo;est vraiment une aubaine pour moi. 1 produit pour tout, je le mets m\u00eame sur mon cou. Je suis m\u00e8re de 3 enfants, donc pas le temps de superposer. Ma peau est fra\u00eeche et c&rsquo;est tr\u00e8s agr\u00e9able. &#8211; <\/span><\/em><span class=\"Y2IQFc\" lang=\"fr\">Alie<\/span><\/p>\n<p>[\/vc_column_text][\/vc_column][vc_column width=\u00a0\u00bb1\/3&Prime;][vc_column_text el_class=\u00a0\u00bbmarginbottom-10 center\u00a0\u00bb]<\/p>\n<p id=\"tw-target-text\" class=\"tw-data-text tw-text-large tw-ta\" dir=\"ltr\" data-placeholder=\"Vertaling\"><span class=\"Y2IQFc\" lang=\"fr\">Un excellent produit, ma peau est plus lisse et plus douce.<\/span><\/p>\n<p>[\/vc_column_text][vc_column_text el_class=\u00a0\u00bbgold marginbottom-30 center\u00a0\u00bb]<\/p>\n<h4 style=\"text-align: left;\">Combray Huile Nourrissante Visage<\/h4>\n<p>[\/vc_column_text][vc_column_text el_class=\u00a0\u00bbcenter marginbottom-30&Prime;]<\/p>\n<p id=\"tw-target-text\" class=\"tw-data-text tw-text-large tw-ta\" dir=\"ltr\" data-placeholder=\"Vertaling\"><em><span class=\"Y2IQFc\" lang=\"fr\">Tr\u00e8s bon produit, ma peau est plus lisse et plus douce. Malgr\u00e9 mes 47 ans, je souffre toujours d&rsquo;\u00e9ruptions cutan\u00e9es. Le produit calme ma peau mais ne supprime pas compl\u00e8tement les boutons. &#8211; <\/span><\/em><span class=\"Y2IQFc\" lang=\"fr\">Gosia<\/span><\/p>\n<p>[\/vc_column_text][\/vc_column][\/vc_row][vc_row][vc_column][vc_btn title=\u00a0\u00bbPlus d&rsquo;avis\u00a0\u00bb style=\u00a0\u00bboutline-custom\u00a0\u00bb outline_custom_color=\u00a0\u00bb#ca9d6f\u00a0\u00bb outline_custom_hover_background=\u00a0\u00bb#ca9d6f\u00a0\u00bb outline_custom_hover_text=\u00a0\u00bb#ffffff\u00a0\u00bb shape=\u00a0\u00bbround\u00a0\u00bb align=\u00a0\u00bbcenter\u00a0\u00bb css_animation=\u00a0\u00bbbounceIn\u00a0\u00bb link=\u00a0\u00bburl:https%3A%2F%2Fcombray-skincare.com%2Fnl%2Fcombray-webwinkel%2F|\u00a0\u00bb][\/vc_column][\/vc_row]<\/p>\n<\/section>","protected":false},"excerpt":{"rendered":"<p>[vc_row full_width=\u00a0\u00bbstretch_row\u00a0\u00bb equal_height=\u00a0\u00bbyes\u00a0\u00bb content_placement=\u00a0\u00bbmiddle\u00a0\u00bb][vc_column width=\u00a0\u00bb1\/2&Prime; css=\u00a0\u00bb.vc_custom_1583054446221{background-color: #ffffff !important;}\u00a0\u00bb][vc_empty_space][vc_column_text css_animation=\u00a0\u00bbnone\u00a0\u00bb] PORT\u00c9 PAR LA BEAUT\u00c9, [\/vc_column_text][vc_column_text css_animation=\u00a0\u00bbnone\u00a0\u00bb] PROUV\u00c9 PAR LA SCIENCE [\/vc_column_text][vc_empty_space height=\u00a0\u00bb15px\u00a0\u00bb][vc_column_text] Combray est un soin de la peau avec une forte concentration d&rsquo;antioxydants puissants pour ralentir le vieillissement de la peau, prote\u0301ger et re\u0301parer la peau, renforcer la peau et la rendre radieuse. Ce soin&hellip;<\/p>\n","protected":false},"author":6,"featured_media":0,"parent":0,"menu_order":0,"comment_status":"closed","ping_status":"closed","template":"","meta":[],"yoast_head":"<!-- This site is optimized with the Yoast SEO plugin v20.6 - https:\/\/yoast.com\/wordpress\/plugins\/seo\/ -->\n<title>Combray &quot;Port\u00e9 par la beaut\u00e9, Prouv\u00e9 par la science&quot; - Combray Skin Care<\/title>\n<meta name=\"description\" content=\"Chez Combray, nous nous engageons \u00e0 d\u00e9velopper en permanence des produits de soin innovants. Nous nous effor\u00e7ons d&#039;utiliser le moins d&#039;ingr\u00e9dients possible. De plus, nous utilisons le\" \/>\n<meta name=\"robots\" content=\"index, follow, max-snippet:-1, max-image-preview:large, max-video-preview:-1\" \/>\n<link rel=\"canonical\" href=\"https:\/\/combray-skincare.com\/fr\/\" \/>\n<meta property=\"og:locale\" content=\"fr_FR\" \/>\n<meta property=\"og:type\" content=\"article\" \/>\n<meta property=\"og:title\" content=\"Combray &quot;Port\u00e9 par la beaut\u00e9, Prouv\u00e9 par la science&quot; - Combray Skin Care\" \/>\n<meta property=\"og:description\" content=\"Chez Combray, nous nous engageons \u00e0 d\u00e9velopper en permanence des produits de soin innovants. Nous nous effor\u00e7ons d&#039;utiliser le moins d&#039;ingr\u00e9dients possible. De plus, nous utilisons le\" \/>\n<meta property=\"og:url\" content=\"https:\/\/combray-skincare.com\/fr\/\" \/>\n<meta property=\"og:site_name\" content=\"Combray Skin Care\" \/>\n<meta property=\"article:modified_time\" content=\"2023-05-02T07:46:53+00:00\" \/>\n<meta name=\"twitter:card\" content=\"summary_large_image\" \/>\n<meta name=\"twitter:label1\" content=\"Dur\u00e9e de lecture estim\u00e9e\" \/>\n\t<meta name=\"twitter:data1\" content=\"3 minutes\" \/>\n<script type=\"application\/ld+json\" class=\"yoast-schema-graph\">{\"@context\":\"https:\/\/schema.org\",\"@graph\":[{\"@type\":\"WebPage\",\"@id\":\"https:\/\/combray-skincare.com\/fr\/\",\"url\":\"https:\/\/combray-skincare.com\/fr\/\",\"name\":\"Combray \\\"Port\u00e9 par la beaut\u00e9, Prouv\u00e9 par la science\\\" - Combray Skin Care\",\"isPartOf\":{\"@id\":\"https:\/\/combray-skincare.com\/nl\/#website\"},\"datePublished\":\"2022-05-20T12:38:04+00:00\",\"dateModified\":\"2023-05-02T07:46:53+00:00\",\"description\":\"Chez Combray, nous nous engageons \u00e0 d\u00e9velopper en permanence des produits de soin innovants. Nous nous effor\u00e7ons d'utiliser le moins d'ingr\u00e9dients possible. De plus, nous utilisons le\",\"breadcrumb\":{\"@id\":\"https:\/\/combray-skincare.com\/fr\/#breadcrumb\"},\"inLanguage\":\"fr-FR\",\"potentialAction\":[{\"@type\":\"ReadAction\",\"target\":[\"https:\/\/combray-skincare.com\/fr\/\"]}]},{\"@type\":\"BreadcrumbList\",\"@id\":\"https:\/\/combray-skincare.com\/fr\/#breadcrumb\",\"itemListElement\":[{\"@type\":\"ListItem\",\"position\":1,\"name\":\"Home\",\"item\":\"https:\/\/combray-skincare.com\/fr\/\"},{\"@type\":\"ListItem\",\"position\":2,\"name\":\"Combray\"}]},{\"@type\":\"WebSite\",\"@id\":\"https:\/\/combray-skincare.com\/nl\/#website\",\"url\":\"https:\/\/combray-skincare.com\/nl\/\",\"name\":\"Combray Skin Care\",\"description\":\"Combray is skin care product with only two ingredients. Containing a patented antioxidant and a 100% natural oil. It is designed to mimic and supplement the skin's own protection methods.\",\"potentialAction\":[{\"@type\":\"SearchAction\",\"target\":{\"@type\":\"EntryPoint\",\"urlTemplate\":\"https:\/\/combray-skincare.com\/nl\/?s={search_term_string}\"},\"query-input\":\"required name=search_term_string\"}],\"inLanguage\":\"fr-FR\"}]}<\/script>\n<!-- \/ Yoast SEO plugin. -->","yoast_head_json":{"title":"Combray \"Port\u00e9 par la beaut\u00e9, Prouv\u00e9 par la science\" - Combray Skin Care","description":"Chez Combray, nous nous engageons \u00e0 d\u00e9velopper en permanence des produits de soin innovants. Nous nous effor\u00e7ons d'utiliser le moins d'ingr\u00e9dients possible. De plus, nous utilisons le","robots":{"index":"index","follow":"follow","max-snippet":"max-snippet:-1","max-image-preview":"max-image-preview:large","max-video-preview":"max-video-preview:-1"},"canonical":"https:\/\/combray-skincare.com\/fr\/","og_locale":"fr_FR","og_type":"article","og_title":"Combray \"Port\u00e9 par la beaut\u00e9, Prouv\u00e9 par la science\" - Combray Skin Care","og_description":"Chez Combray, nous nous engageons \u00e0 d\u00e9velopper en permanence des produits de soin innovants. Nous nous effor\u00e7ons d'utiliser le moins d'ingr\u00e9dients possible. De plus, nous utilisons le","og_url":"https:\/\/combray-skincare.com\/fr\/","og_site_name":"Combray Skin Care","article_modified_time":"2023-05-02T07:46:53+00:00","twitter_card":"summary_large_image","twitter_misc":{"Dur\u00e9e de lecture estim\u00e9e":"3 minutes"},"schema":{"@context":"https:\/\/schema.org","@graph":[{"@type":"WebPage","@id":"https:\/\/combray-skincare.com\/fr\/","url":"https:\/\/combray-skincare.com\/fr\/","name":"Combray \"Port\u00e9 par la beaut\u00e9, Prouv\u00e9 par la science\" - Combray Skin Care","isPartOf":{"@id":"https:\/\/combray-skincare.com\/nl\/#website"},"datePublished":"2022-05-20T12:38:04+00:00","dateModified":"2023-05-02T07:46:53+00:00","description":"Chez Combray, nous nous engageons \u00e0 d\u00e9velopper en permanence des produits de soin innovants. Nous nous effor\u00e7ons d'utiliser le moins d'ingr\u00e9dients possible. De plus, nous utilisons le","breadcrumb":{"@id":"https:\/\/combray-skincare.com\/fr\/#breadcrumb"},"inLanguage":"fr-FR","potentialAction":[{"@type":"ReadAction","target":["https:\/\/combray-skincare.com\/fr\/"]}]},{"@type":"BreadcrumbList","@id":"https:\/\/combray-skincare.com\/fr\/#breadcrumb","itemListElement":[{"@type":"ListItem","position":1,"name":"Home","item":"https:\/\/combray-skincare.com\/fr\/"},{"@type":"ListItem","position":2,"name":"Combray"}]},{"@type":"WebSite","@id":"https:\/\/combray-skincare.com\/nl\/#website","url":"https:\/\/combray-skincare.com\/nl\/","name":"Combray Skin Care","description":"Combray is skin care product with only two ingredients. Containing a patented antioxidant and a 100% natural oil. It is designed to mimic and supplement the skin's own protection methods.","potentialAction":[{"@type":"SearchAction","target":{"@type":"EntryPoint","urlTemplate":"https:\/\/combray-skincare.com\/nl\/?s={search_term_string}"},"query-input":"required name=search_term_string"}],"inLanguage":"fr-FR"}]}},"_links":{"self":[{"href":"https:\/\/combray-skincare.com\/fr\/wp-json\/wp\/v2\/pages\/6646"}],"collection":[{"href":"https:\/\/combray-skincare.com\/fr\/wp-json\/wp\/v2\/pages"}],"about":[{"href":"https:\/\/combray-skincare.com\/fr\/wp-json\/wp\/v2\/types\/page"}],"author":[{"embeddable":true,"href":"https:\/\/combray-skincare.com\/fr\/wp-json\/wp\/v2\/users\/6"}],"replies":[{"embeddable":true,"href":"https:\/\/combray-skincare.com\/fr\/wp-json\/wp\/v2\/comments?post=6646"}],"version-history":[{"count":14,"href":"https:\/\/combray-skincare.com\/fr\/wp-json\/wp\/v2\/pages\/6646\/revisions"}],"predecessor-version":[{"id":7268,"href":"https:\/\/combray-skincare.com\/fr\/wp-json\/wp\/v2\/pages\/6646\/revisions\/7268"}],"wp:attachment":[{"href":"https:\/\/combray-skincare.com\/fr\/wp-json\/wp\/v2\/media?parent=6646"}],"curies":[{"name":"wp","href":"https:\/\/api.w.org\/{rel}","templated":true}]}}